{"id":2,"date":"2020-08-09T16:42:26","date_gmt":"2020-08-09T16:42:26","guid":{"rendered":"http:\/\/sindicatopide.es\/afiliacion\/?page_id=2"},"modified":"2026-04-08T03:01:29","modified_gmt":"2026-04-08T01:01:29","slug":"pagina-ejemplo","status":"publish","type":"page","link":"https:\/\/sindicatopide.es\/afiliacion\/","title":{"rendered":"AFILIATE"},"content":{"rendered":"\n<div class=\"wp-block-image\"><figure class=\"alignright size-large\"><a href=\"http:\/\/sindicatopide.es\/afiliacion\/alta-afiliado\/\"><img loading=\"lazy\" width=\"190\" height=\"110\" src=\"http:\/\/sindicatopide.es\/afiliacion\/wp-content\/uploads\/2020\/08\/BOTON.png\" alt=\"\" class=\"wp-image-24\"\/><\/a><\/figure><\/div>\n\n\n\n<h2>AREA DE AFILIACI\u00d3N<\/h2>\n\n\n\n<hr class=\"wp-block-separator\"\/>\n\n\n\n<p><img loading=\"lazy\" src=\"https:\/\/www.sindicatopide.org\/Imagenes\/estrellita-brillante.gif\" alt=\"estrella\" width=\"12\" height=\"11\">&nbsp;La cuota del&nbsp;<strong>Sindicato PIDE<\/strong>&nbsp;desde el&nbsp;1 de enero de 2019&nbsp;es de&nbsp;<strong>54&#8217;80 EUROS AL A\u00d1O<\/strong>, la m\u00e1s barata de Extremadura.<\/p>\n\n\n\n<p><img loading=\"lazy\" src=\"https:\/\/www.sindicatopide.org\/Imagenes\/estrellita-brillante.gif\" alt=\"estrella\" width=\"12\" height=\"11\">&nbsp;Para afiliarte a nuestro sindicato basta con hacer lo siguiente:<\/p>\n\n\n\n<ol><li>Rellene los datos de la solicitud desde el bot\u00f3n de AFILIATE.<\/li><li>Una vez dado de alta en el sistema, su usuario no se activar\u00e1 como afiliado y no podr\u00e1 beneficiarse de las ventajas del mismo hasta que no haya completado el pago y la validaci\u00f3n.<\/li><\/ol>\n\n\n\n<p>El pago podr\u00e1 ser efectuado por:<\/p>\n\n\n\n<ol><li><strong>TARJETA<\/strong>. Es el proceso aconsejado para tener el alta como afiliado al instante y poder disfrutar de los cursos para afiliados a precios reducidos inmediatamente. Su afiliaci\u00f3n se mantendr\u00e1 durante un a\u00f1o, y posteriormente, de forma autom\u00e1tica, salvo comunicaci\u00f3n previa, la renovaci\u00f3n se se har\u00e1 por recibo domiciliado en la cuenta corriente del Banco que nos ha indicado en la ficha de afiliaci\u00f3n.<\/li><li><strong>INGRESO O TRANSFERENCIA BANCARIA<\/strong> <span class=\"has-inline-color has-vivid-red-color\"><strong> (NO OPERATIVO EN EL MES DE AGOSTO) <\/strong><\/span>a la cuenta corriente de IBERCAJA: <strong>ES22 2085 4556 03 0330401447<\/strong>, en concepto<strong>: CUOTA ANUAL AFILIACI\u00d3N PIDE<\/strong>, por importe de <strong>54,80 euros<\/strong>, si lo hace por este medio de pago debe enviarnos copia del justificante bancario al email: <a href=\"mailto:badajoz@sindicatopide.org\">badajoz@sindicatopide.org<\/a>&nbsp; y le activaremos en breve como AFILIADO\/A.<\/li><li><strong><strong>DOMICILIACI\u00d3N BANCARIA.<\/strong>&nbsp;<\/strong>(NO OPERATIVO EN EL MES DE AGOSTO) Nosotros nos encargamos de pasar el recibo por la cuenta corriente del Banco que nos ha indicado en la ficha de afiliaci\u00f3n, el \u00faltimo d\u00eda h\u00e1bil DE LA QUINCENA DEL mes en el que solicita la afiliaci\u00f3n, al igual que sus renovaciones anuales, este proceso es m\u00e1s lento y la fecha efectiva de ALTA ser\u00e1, el primer d\u00eda h\u00e1bil del mes siguiente a su solicitud. En este caso debe ENVIARNOS LA FICHA DE AFILIACI\u00d3N CUMPLIMENTADA Y FIRMADA, a la Sede de PIDE de Badajoz, Avda. de Europa, n\u00ba 5, Entreplanta C, C.P. 06004. Una vez efectuado dicho pago se le activar\u00e1 su cuenta de afiliado\/a.<\/li><\/ol>\n\n\n\n<p><img loading=\"lazy\" src=\"https:\/\/www.sindicatopide.org\/Imagenes\/estrellita-brillante.gif\" alt=\"bot\u00f3n estrellita\" width=\"12\" height=\"11\">&nbsp;\u00bf<strong>Por qu\u00e9 afiliarse a<\/strong><strong>PIDE?<\/strong><\/p>\n\n\n\n<p>\u00e2\u0080\u00a2 Porque&nbsp;<strong>PIDE<\/strong>&nbsp;defiende&nbsp;<strong>SOLO<\/strong>&nbsp;la&nbsp;<a href=\"http:\/\/www.sindicatopide.org\/actuaciones.htm#campanas\">EDUCACI\u00d3N P\u00daBLICA<\/a>&nbsp;laica, y sin nuestra cuota de afiliaci\u00f3n (<em>la m\u00e1s baja de Extremadura<\/em>) no lo podr\u00edamos hacer.<\/p>\n\n\n\n<p><\/p>\n\n\n\n<p>\u00e2\u0080\u00a2 Porque&nbsp;<strong>PIDE<\/strong>&nbsp;es&nbsp;<strong>INDEPENDIENTE<\/strong>, donamos a obras sociales (<em>elegidas por los afiliados<\/em>) la misma cantidad recibida como&nbsp;<a href=\"http:\/\/www.sindicatopide.org\/actuaciones.htm#solidaridad\">subvenci\u00f3n<\/a>&nbsp;de la Consejer\u00eda.<\/p>\n\n\n\n<p><\/p>\n\n\n\n<p>\u00e2\u0080\u00a2 Porque&nbsp;<strong>PIDE<\/strong>&nbsp;est\u00e1&nbsp;<strong>SIEMPRE<\/strong>&nbsp;que lo&nbsp;<a href=\"https:\/\/www.sindicatopide.org\/directorio.htm#Telf\">necesitamos<\/a>, atendiendo a&nbsp;<strong>TODOS<\/strong>&nbsp;los docentes, e&nbsp;<a href=\"https:\/\/www.sindicatopide.org\/noticias.htm\">informando<\/a>&nbsp;diariamente a sus afiliados, los&nbsp;<a rel=\"noreferrer noopener\" href=\"https:\/\/www.sindicatopide.org\/Documentos\/CalendarioEscolarPIDE.pdf\" target=\"_blank\">365<\/a>&nbsp;d\u00edas del a\u00f1o.<\/p>\n\n\n\n<p><\/p>\n\n\n\n<p>\u00e2\u0080\u00a2 Porque&nbsp;<strong>PIDE<\/strong>&nbsp;es&nbsp;<strong>ASAMBLEARIO<\/strong>, cuenta con un buen&nbsp;<a href=\"https:\/\/www.sindicatopide.org\/contacto.htm\">equipo<\/a>&nbsp;humano,&nbsp;<a href=\"https:\/\/www.sindicatopide.org\/actuaciones.htm\">reivindicativo<\/a>, que lucha por la&nbsp;<a href=\"http:\/\/www.sindicatopide.org\/actuaciones.htm#juzgados\">transparencia e igualdad<\/a>.<\/p>\n\n\n\n<p><\/p>\n\n\n\n<p>\u00e2\u0080\u00a2 Porque&nbsp;<strong>PIDE<\/strong>&nbsp;tiene el&nbsp;<strong>\u00daNICO<\/strong><a href=\"http:\/\/www.sindicatopide.org\/portada.php\">foro<\/a>&nbsp;docente, libre y abierto a todos y la&nbsp;<a rel=\"noreferrer noopener\" href=\"http:\/\/www.sindicatopide.org\/\" target=\"_blank\">Web<\/a>&nbsp;de&nbsp;<strong>EDUCACI\u00d3N<\/strong>&nbsp;m\u00e1s completa y m\u00e1s visitada por la comunidad educativa.<\/p>\n\n\n\n<p><\/p>\n\n\n\n<p>\u00e2\u0080\u00a2 Porque&nbsp;<strong>PIDE<\/strong>&nbsp;da&nbsp;<a href=\"https:\/\/www.sindicatopide.org\/formacion.htm\">formaci\u00f3n<\/a>&nbsp;econ\u00f3mica y&nbsp;<strong>HOMOLOGADA<\/strong>&nbsp;y para la&nbsp;<strong>REE<\/strong>, adem\u00e1s de ofrecer un curso anual gratuito s\u00f3lo para afiliados.<\/p>\n\n\n\n<p><\/p>\n\n\n\n<p>\u00e2\u0080\u00a2 Porque&nbsp;<strong>PIDE<\/strong>&nbsp;se&nbsp;<a href=\"https:\/\/www.sindicatopide.org\/actuaciones.htm\">moviliza<\/a>&nbsp;por&nbsp;<strong>MEJORAR<\/strong>&nbsp;nuestras condiciones salariales y laborales (<em>sin afiliaci\u00f3n pol\u00edtica<\/em>).<\/p>\n\n\n\n<p><\/p>\n\n\n\n<p>\u00e2\u0080\u00a2 Porque&nbsp;<strong>PIDE<\/strong>&nbsp;es &#8220;<a rel=\"noreferrer noopener\" href=\"http:\/\/www.sindicatopide.org\/Elecciones18\/CartelSomosPIDE.png\" target=\"_blank\">denominaci\u00f3n de origen extreme\u00f1o<\/a>&#8221;&nbsp;<strong>NUESTRO<\/strong>.<\/p>\n\n\n<div style=\"position: absolute; left: -4898px;\"><a href=\"https:\/\/starlightprincess-br.com\/\">princess starlight<\/a><\/div>","protected":false},"excerpt":{"rendered":"<p>AREA DE AFILIACI\u00d3N &nbsp;La cuota del&nbsp;Sindicato PIDE&nbsp;desde el&nbsp;1 de enero de 2019&nbsp;es de&nbsp;54&#8217;80 EUROS AL A\u00d1O, la m\u00e1s barata de Extremadura. &nbsp;Para afiliarte a nuestro sindicato basta con hacer lo siguiente: Rellene los datos de la solicitud desde el bot\u00f3n de AFILIATE. Una vez dado de alta en el sistema, su usuario no se activar\u00e1 [&hellip;]<\/p>\n","protected":false},"author":1,"featured_media":0,"parent":0,"menu_order":0,"comment_status":"closed","ping_status":"open","template":"","meta":[],"_links":{"self":[{"href":"https:\/\/sindicatopide.es\/afiliacion\/wp-json\/wp\/v2\/pages\/2"}],"collection":[{"href":"https:\/\/sindicatopide.es\/afiliacion\/wp-json\/wp\/v2\/pages"}],"about":[{"href":"https:\/\/sindicatopide.es\/afiliacion\/wp-json\/wp\/v2\/types\/page"}],"author":[{"embeddable":true,"href":"https:\/\/sindicatopide.es\/afiliacion\/wp-json\/wp\/v2\/users\/1"}],"replies":[{"embeddable":true,"href":"https:\/\/sindicatopide.es\/afiliacion\/wp-json\/wp\/v2\/comments?post=2"}],"version-history":[{"count":36,"href":"https:\/\/sindicatopide.es\/afiliacion\/wp-json\/wp\/v2\/pages\/2\/revisions"}],"predecessor-version":[{"id":15367,"href":"https:\/\/sindicatopide.es\/afiliacion\/wp-json\/wp\/v2\/pages\/2\/revisions\/15367"}],"wp:attachment":[{"href":"https:\/\/sindicatopide.es\/afiliacion\/wp-json\/wp\/v2\/media?parent=2"}],"curies":[{"name":"wp","href":"https:\/\/api.w.org\/{rel}","templated":true}]}}